{"id":370,"date":"2020-10-15T22:07:36","date_gmt":"2020-10-16T01:07:36","guid":{"rendered":"http:\/\/graficoseguros.com.br\/?page_id=370"},"modified":"2020-10-15T22:21:23","modified_gmt":"2020-10-16T01:21:23","slug":"seguro-condominio","status":"publish","type":"page","link":"https:\/\/graficoseguros.com.br\/index.php\/seguro-condominio\/","title":{"rendered":"Seguro Condom\u00ednio"},"content":{"rendered":"<div data-colibri-id=\"370-c1\" class=\"style-481 style-local-370-c1 position-relative\">\n  <!---->\n  <div data-colibri-component=\"section\" data-colibri-id=\"370-c2\" id=\"about\" class=\"h-section h-section-global-spacing d-flex align-items-lg-center align-items-md-center align-items-center style-482 style-local-370-c2 position-relative\">\n    <!---->\n    <!---->\n    <div class=\"h-section-grid-container h-section-boxed-container\">\n      <!---->\n      <div data-colibri-id=\"370-c3\" class=\"h-row-container gutters-row-lg-0 gutters-row-md-0 gutters-row-0 gutters-row-v-lg-0 gutters-row-v-md-0 gutters-row-v-0 style-483 style-local-370-c3 position-relative\">\n        <!---->\n        <div class=\"h-row justify-content-lg-center justify-content-md-center justify-content-center align-items-lg-stretch align-items-md-stretch align-items-stretch gutters-col-lg-0 gutters-col-md-0 gutters-col-0 gutters-col-v-lg-0 gutters-col-v-md-0 gutters-col-v-0\">\n          <!---->\n          <div class=\"h-column h-column-container d-flex h-col-lg-auto h-col-md-auto h-col-auto style-484-outer style-local-370-c4-outer\">\n            <div data-colibri-id=\"370-c4\" class=\"d-flex h-flex-basis h-column__inner h-px-lg-0 h-px-md-0 h-px-0 v-inner-lg-0 v-inner-md-0 v-inner-0 style-484 style-local-370-c4 position-relative\">\n              <!---->\n              <!---->\n              <div class=\"w-100 h-y-container h-column__content h-column__v-align flex-basis-100 align-self-lg-start align-self-md-start align-self-start\">\n                <!---->\n                <div data-colibri-id=\"370-c6\" class=\"h-global-transition-all h-heading style-486 style-local-370-c6 position-relative h-element\">\n                  <!---->\n                  <div class=\"h-heading__outer style-486 style-local-370-c6\">\n                    <!---->\n                    <!---->\n                    <h2 class=\"\">Fa\u00e7a sua cota\u00e7\u00e3o&nbsp;<em style=\"font-family: &quot;Playfair Display&quot;;\">seguro condom\u00ednio<\/em><\/h2>\n                  <\/div>\n                <\/div>\n                <div data-colibri-id=\"370-c7\" class=\"h-text h-text-component style-487 style-local-370-c7 position-relative h-element\">\n                  <!---->\n                  <!---->\n                  <div class=\"\">\n                    <p> Um seguro sob medida para condom\u00ednios verticais residenciais, comerciais, mistos, de escrit\u00f3rios e\/ou consult\u00f3rios, flats e apart-hot\u00e9is, bem como condom\u00ednios residenciais horizontais. Com pre\u00e7o acess\u00edvel e pagamento facilitado, ele\n                      oferece in\u00fameras vantagens.<\/p>\n                    <p>Ele \u00e9 um seguro completo, oferece coberturas que protegem o condom\u00ednio, o sindico e os colaboradores, al\u00e9m de facilidades e benef\u00edcios na contrata\u00e7\u00e3o, servi\u00e7os emergenciais gratuitos, pre\u00e7os e condi\u00e7\u00f5es de pagamentos vantajosos.<\/p>\n                  <\/div>\n                <\/div>\n              <\/div>\n            <\/div>\n          <\/div>\n          <div class=\"h-column h-column-container d-flex h-col-lg-auto h-col-md-auto h-col-auto style-488-outer style-local-370-c8-outer\">\n            <div data-colibri-id=\"370-c8\" class=\"d-flex h-flex-basis h-column__inner h-ui-empty-state-container h-px-lg-2 h-px-md-2 h-px-2 v-inner-lg-2 v-inner-md-2 v-inner-2 style-488 style-local-370-c8 position-relative\">\n              <!---->\n              <!---->\n              <div class=\"w-100 h-y-container h-column__content h-column__v-align flex-basis-100\">\n                <!---->\n              <\/div>\n            <\/div>\n          <\/div>\n        <\/div>\n      <\/div>\n    <\/div>\n  <\/div>\n<\/div>","protected":false},"excerpt":{"rendered":"<p>Fa\u00e7a sua cota\u00e7\u00e3o&nbsp;seguro condom\u00ednio Um seguro sob medida para condom\u00ednios verticais residenciais, comerciais, mistos, de escrit\u00f3rios e\/ou consult\u00f3rios, flats e apart-hot\u00e9is, bem como condom\u00ednios residenciais horizontais. Com pre\u00e7o acess\u00edvel e pagamento facilitado, ele oferece in\u00fameras vantagens. Ele \u00e9 um seguro completo, oferece coberturas que protegem o condom\u00ednio, o sindico e os colaboradores, al\u00e9m de facilidades [&hellip;]<\/p>\n","protected":false},"author":1,"featured_media":0,"parent":0,"menu_order":0,"comment_status":"closed","ping_status":"closed","template":"page-templates\/full-width-page.php","meta":[],"_links":{"self":[{"href":"https:\/\/graficoseguros.com.br\/index.php\/wp-json\/wp\/v2\/pages\/370"}],"collection":[{"href":"https:\/\/graficoseguros.com.br\/index.php\/wp-json\/wp\/v2\/pages"}],"about":[{"href":"https:\/\/graficoseguros.com.br\/index.php\/wp-json\/wp\/v2\/types\/page"}],"author":[{"embeddable":true,"href":"https:\/\/graficoseguros.com.br\/index.php\/wp-json\/wp\/v2\/users\/1"}],"replies":[{"embeddable":true,"href":"https:\/\/graficoseguros.com.br\/index.php\/wp-json\/wp\/v2\/comments?post=370"}],"version-history":[{"count":2,"href":"https:\/\/graficoseguros.com.br\/index.php\/wp-json\/wp\/v2\/pages\/370\/revisions"}],"predecessor-version":[{"id":392,"href":"https:\/\/graficoseguros.com.br\/index.php\/wp-json\/wp\/v2\/pages\/370\/revisions\/392"}],"wp:attachment":[{"href":"https:\/\/graficoseguros.com.br\/index.php\/wp-json\/wp\/v2\/media?parent=370"}],"curies":[{"name":"wp","href":"https:\/\/api.w.org\/{rel}","templated":true}]}}