{"id":376,"date":"2020-10-15T22:11:14","date_gmt":"2020-10-16T01:11:14","guid":{"rendered":"http:\/\/graficoseguros.com.br\/?page_id=376"},"modified":"2020-10-15T22:35:29","modified_gmt":"2020-10-16T01:35:29","slug":"seguro-fianca","status":"publish","type":"page","link":"https:\/\/graficoseguros.com.br\/index.php\/seguro-fianca\/","title":{"rendered":"Seguro Fian\u00e7a"},"content":{"rendered":"<div data-colibri-id=\"376-c1\" class=\"style-505 style-local-376-c1 position-relative\">\n  <!---->\n  <div data-colibri-component=\"section\" data-colibri-id=\"376-c2\" id=\"about\" class=\"h-section h-section-global-spacing d-flex align-items-lg-center align-items-md-center align-items-center style-506 style-local-376-c2 position-relative\">\n    <!---->\n    <!---->\n    <div class=\"h-section-grid-container h-section-boxed-container\">\n      <!---->\n      <div data-colibri-id=\"376-c3\" class=\"h-row-container gutters-row-lg-0 gutters-row-md-0 gutters-row-0 gutters-row-v-lg-0 gutters-row-v-md-0 gutters-row-v-0 style-507 style-local-376-c3 position-relative\">\n        <!---->\n        <div class=\"h-row justify-content-lg-center justify-content-md-center justify-content-center align-items-lg-stretch align-items-md-stretch align-items-stretch gutters-col-lg-0 gutters-col-md-0 gutters-col-0 gutters-col-v-lg-0 gutters-col-v-md-0 gutters-col-v-0\">\n          <!---->\n          <div class=\"h-column h-column-container d-flex h-col-lg-auto h-col-md-auto h-col-auto style-508-outer style-local-376-c4-outer\">\n            <div data-colibri-id=\"376-c4\" class=\"d-flex h-flex-basis h-column__inner h-px-lg-0 h-px-md-0 h-px-0 v-inner-lg-0 v-inner-md-0 v-inner-0 style-508 style-local-376-c4 position-relative\">\n              <!---->\n              <!---->\n              <div class=\"w-100 h-y-container h-column__content h-column__v-align flex-basis-100 align-self-lg-start align-self-md-start align-self-start\">\n                <!---->\n                <div data-colibri-id=\"376-c6\" class=\"h-global-transition-all h-heading style-510 style-local-376-c6 position-relative h-element\">\n                  <!---->\n                  <div class=\"h-heading__outer style-510 style-local-376-c6\">\n                    <!---->\n                    <!---->\n                    <h2 class=\"\">Fa\u00e7a sua cota\u00e7\u00e3o&nbsp;<em style=\"font-family: &quot;Playfair Display&quot;;\">seguro fian\u00e7a<\/em><\/h2>\n                  <\/div>\n                <\/div>\n                <div data-colibri-id=\"376-c7\" class=\"h-text h-text-component style-511 style-local-376-c7 position-relative h-element\">\n                  <!---->\n                  <!---->\n                  <div class=\"\">\n                    <p>O Seguro Fian\u00e7a Locat\u00edcia facilita o dia a dia das partes envolvidas no processo de loca\u00e7\u00e3o de im\u00f3veis. Com ele, todos se beneficiam: o inquilino por evitar o constrangimento de precisar de fiador; o propriet\u00e1rio por ter a garantia\n                      de recebimento do aluguel sem atraso e do pagamento de IPTU e de condom\u00ednio (quando houver); e a imobili\u00e1ria por receber por seu trabalho de administra\u00e7\u00e3o.<\/p>\n                  <\/div>\n                <\/div>\n              <\/div>\n            <\/div>\n          <\/div>\n          <div class=\"h-column h-column-container d-flex h-col-lg-auto h-col-md-auto h-col-auto style-512-outer style-local-376-c8-outer\">\n            <div data-colibri-id=\"376-c8\" class=\"d-flex h-flex-basis h-column__inner h-ui-empty-state-container h-px-lg-2 h-px-md-2 h-px-2 v-inner-lg-2 v-inner-md-2 v-inner-2 style-512 style-local-376-c8 position-relative\">\n              <!---->\n              <!---->\n              <div class=\"w-100 h-y-container h-column__content h-column__v-align flex-basis-100\">\n                <!---->\n              <\/div>\n            <\/div>\n          <\/div>\n        <\/div>\n      <\/div>\n    <\/div>\n  <\/div>\n<\/div>","protected":false},"excerpt":{"rendered":"<p>Fa\u00e7a sua cota\u00e7\u00e3o&nbsp;seguro fian\u00e7a O Seguro Fian\u00e7a Locat\u00edcia facilita o dia a dia das partes envolvidas no processo de loca\u00e7\u00e3o de im\u00f3veis. Com ele, todos se beneficiam: o inquilino por evitar o constrangimento de precisar de fiador; o propriet\u00e1rio por ter a garantia de recebimento do aluguel sem atraso e do pagamento de IPTU e [&hellip;]<\/p>\n","protected":false},"author":1,"featured_media":0,"parent":0,"menu_order":0,"comment_status":"closed","ping_status":"closed","template":"page-templates\/full-width-page.php","meta":[],"_links":{"self":[{"href":"https:\/\/graficoseguros.com.br\/index.php\/wp-json\/wp\/v2\/pages\/376"}],"collection":[{"href":"https:\/\/graficoseguros.com.br\/index.php\/wp-json\/wp\/v2\/pages"}],"about":[{"href":"https:\/\/graficoseguros.com.br\/index.php\/wp-json\/wp\/v2\/types\/page"}],"author":[{"embeddable":true,"href":"https:\/\/graficoseguros.com.br\/index.php\/wp-json\/wp\/v2\/users\/1"}],"replies":[{"embeddable":true,"href":"https:\/\/graficoseguros.com.br\/index.php\/wp-json\/wp\/v2\/comments?post=376"}],"version-history":[{"count":2,"href":"https:\/\/graficoseguros.com.br\/index.php\/wp-json\/wp\/v2\/pages\/376\/revisions"}],"predecessor-version":[{"id":436,"href":"https:\/\/graficoseguros.com.br\/index.php\/wp-json\/wp\/v2\/pages\/376\/revisions\/436"}],"wp:attachment":[{"href":"https:\/\/graficoseguros.com.br\/index.php\/wp-json\/wp\/v2\/media?parent=376"}],"curies":[{"name":"wp","href":"https:\/\/api.w.org\/{rel}","templated":true}]}}