{"id":380,"date":"2020-10-15T22:12:15","date_gmt":"2020-10-16T01:12:15","guid":{"rendered":"http:\/\/graficoseguros.com.br\/?page_id=380"},"modified":"2020-10-15T22:42:12","modified_gmt":"2020-10-16T01:42:12","slug":"seguro-nautico","status":"publish","type":"page","link":"https:\/\/graficoseguros.com.br\/index.php\/seguro-nautico\/","title":{"rendered":"Seguro N\u00e1utico"},"content":{"rendered":"<div data-colibri-id=\"380-c1\" class=\"style-521 style-local-380-c1 position-relative\">\n  <!---->\n  <div data-colibri-component=\"section\" data-colibri-id=\"380-c2\" id=\"about\" class=\"h-section h-section-global-spacing d-flex align-items-lg-center align-items-md-center align-items-center style-522 style-local-380-c2 position-relative\">\n    <!---->\n    <!---->\n    <div class=\"h-section-grid-container h-section-boxed-container\">\n      <!---->\n      <div data-colibri-id=\"380-c3\" class=\"h-row-container gutters-row-lg-0 gutters-row-md-0 gutters-row-0 gutters-row-v-lg-0 gutters-row-v-md-0 gutters-row-v-0 style-523 style-local-380-c3 position-relative\">\n        <!---->\n        <div class=\"h-row justify-content-lg-center justify-content-md-center justify-content-center align-items-lg-stretch align-items-md-stretch align-items-stretch gutters-col-lg-0 gutters-col-md-0 gutters-col-0 gutters-col-v-lg-0 gutters-col-v-md-0 gutters-col-v-0\">\n          <!---->\n          <div class=\"h-column h-column-container d-flex h-col-lg-auto h-col-md-auto h-col-auto style-524-outer style-local-380-c4-outer\">\n            <div data-colibri-id=\"380-c4\" class=\"d-flex h-flex-basis h-column__inner h-px-lg-0 h-px-md-0 h-px-0 v-inner-lg-0 v-inner-md-0 v-inner-0 style-524 style-local-380-c4 position-relative\">\n              <!---->\n              <!---->\n              <div class=\"w-100 h-y-container h-column__content h-column__v-align flex-basis-100 align-self-lg-start align-self-md-start align-self-start\">\n                <!---->\n                <div data-colibri-id=\"380-c6\" class=\"h-global-transition-all h-heading style-526 style-local-380-c6 position-relative h-element\">\n                  <!---->\n                  <div class=\"h-heading__outer style-526 style-local-380-c6\">\n                    <!---->\n                    <!---->\n                    <h2 class=\"\">Fa\u00e7a sua cota\u00e7\u00e3o&nbsp;<em style=\"font-family: &quot;Playfair Display&quot;;\">seguro n\u00e1utico<\/em><\/h2>\n                  <\/div>\n                <\/div>\n                <div data-colibri-id=\"380-c7\" class=\"h-text h-text-component style-527 style-local-380-c7 position-relative h-element\">\n                  <!---->\n                  <!---->\n                  <div class=\"\">\n                    <p>Para aproveitar com mais tranquilidade os seus passeios nas horas de lazer em seu barco, iate, lancha ou veleiro fa\u00e7a o seguro de embarca\u00e7\u00e3o.Com o seguro n\u00e1utico- embarca\u00e7\u00f5es voc\u00ea conta com coberturas de inc\u00eandio, perdas ou danos causados\n                      a embarca\u00e7\u00e3o de carga ou lazer, que atinja o casco, as maquinas e equipamentos estando a embarca\u00e7\u00e3o em opera\u00e7\u00e3o, constru\u00e7\u00e3o ou em reparos.<\/p>\n                  <\/div>\n                <\/div>\n              <\/div>\n            <\/div>\n          <\/div>\n          <div class=\"h-column h-column-container d-flex h-col-lg-auto h-col-md-auto h-col-auto style-528-outer style-local-380-c8-outer\">\n            <div data-colibri-id=\"380-c8\" class=\"d-flex h-flex-basis h-column__inner h-ui-empty-state-container h-px-lg-2 h-px-md-2 h-px-2 v-inner-lg-2 v-inner-md-2 v-inner-2 style-528 style-local-380-c8 position-relative\">\n              <!---->\n              <!---->\n              <div class=\"w-100 h-y-container h-column__content h-column__v-align flex-basis-100\">\n                <!---->\n              <\/div>\n            <\/div>\n          <\/div>\n        <\/div>\n      <\/div>\n    <\/div>\n  <\/div>\n<\/div>","protected":false},"excerpt":{"rendered":"<p>Fa\u00e7a sua cota\u00e7\u00e3o&nbsp;seguro n\u00e1utico Para aproveitar com mais tranquilidade os seus passeios nas horas de lazer em seu barco, iate, lancha ou veleiro fa\u00e7a o seguro de embarca\u00e7\u00e3o.Com o seguro n\u00e1utico- embarca\u00e7\u00f5es voc\u00ea conta com coberturas de inc\u00eandio, perdas ou danos causados a embarca\u00e7\u00e3o de carga ou lazer, que atinja o casco, as maquinas e [&hellip;]<\/p>\n","protected":false},"author":1,"featured_media":0,"parent":0,"menu_order":0,"comment_status":"closed","ping_status":"closed","template":"page-templates\/full-width-page.php","meta":[],"_links":{"self":[{"href":"https:\/\/graficoseguros.com.br\/index.php\/wp-json\/wp\/v2\/pages\/380"}],"collection":[{"href":"https:\/\/graficoseguros.com.br\/index.php\/wp-json\/wp\/v2\/pages"}],"about":[{"href":"https:\/\/graficoseguros.com.br\/index.php\/wp-json\/wp\/v2\/types\/page"}],"author":[{"embeddable":true,"href":"https:\/\/graficoseguros.com.br\/index.php\/wp-json\/wp\/v2\/users\/1"}],"replies":[{"embeddable":true,"href":"https:\/\/graficoseguros.com.br\/index.php\/wp-json\/wp\/v2\/comments?post=380"}],"version-history":[{"count":2,"href":"https:\/\/graficoseguros.com.br\/index.php\/wp-json\/wp\/v2\/pages\/380\/revisions"}],"predecessor-version":[{"id":457,"href":"https:\/\/graficoseguros.com.br\/index.php\/wp-json\/wp\/v2\/pages\/380\/revisions\/457"}],"wp:attachment":[{"href":"https:\/\/graficoseguros.com.br\/index.php\/wp-json\/wp\/v2\/media?parent=380"}],"curies":[{"name":"wp","href":"https:\/\/api.w.org\/{rel}","templated":true}]}}