{"id":382,"date":"2020-10-15T22:12:39","date_gmt":"2020-10-16T01:12:39","guid":{"rendered":"http:\/\/graficoseguros.com.br\/?page_id=382"},"modified":"2020-10-15T22:48:59","modified_gmt":"2020-10-16T01:48:59","slug":"seguro-garantia","status":"publish","type":"page","link":"https:\/\/graficoseguros.com.br\/index.php\/seguro-garantia\/","title":{"rendered":"Seguro Garantia"},"content":{"rendered":"<div data-colibri-id=\"382-c1\" class=\"style-529 style-local-382-c1 position-relative\">\n  <!---->\n  <div data-colibri-component=\"section\" data-colibri-id=\"382-c2\" id=\"about\" class=\"h-section h-section-global-spacing d-flex align-items-lg-center align-items-md-center align-items-center style-530 style-local-382-c2 position-relative\">\n    <!---->\n    <!---->\n    <div class=\"h-section-grid-container h-section-boxed-container\">\n      <!---->\n      <div data-colibri-id=\"382-c3\" class=\"h-row-container gutters-row-lg-0 gutters-row-md-0 gutters-row-0 gutters-row-v-lg-0 gutters-row-v-md-0 gutters-row-v-0 style-531 style-local-382-c3 position-relative\">\n        <!---->\n        <div class=\"h-row justify-content-lg-center justify-content-md-center justify-content-center align-items-lg-stretch align-items-md-stretch align-items-stretch gutters-col-lg-0 gutters-col-md-0 gutters-col-0 gutters-col-v-lg-0 gutters-col-v-md-0 gutters-col-v-0\">\n          <!---->\n          <div class=\"h-column h-column-container d-flex h-col-lg-auto h-col-md-auto h-col-auto style-532-outer style-local-382-c4-outer\">\n            <div data-colibri-id=\"382-c4\" class=\"d-flex h-flex-basis h-column__inner h-px-lg-0 h-px-md-0 h-px-0 v-inner-lg-0 v-inner-md-0 v-inner-0 style-532 style-local-382-c4 position-relative\">\n              <!---->\n              <!---->\n              <div class=\"w-100 h-y-container h-column__content h-column__v-align flex-basis-100 align-self-lg-start align-self-md-start align-self-start\">\n                <!---->\n                <div data-colibri-id=\"382-c6\" class=\"h-global-transition-all h-heading style-534 style-local-382-c6 position-relative h-element\">\n                  <!---->\n                  <div class=\"h-heading__outer style-534 style-local-382-c6\">\n                    <!---->\n                    <!---->\n                    <h2 class=\"\">Fa\u00e7a sua cota\u00e7\u00e3o&nbsp;<em style=\"font-family: &quot;Playfair Display&quot;;\">seguro garantia<\/em><\/h2>\n                  <\/div>\n                <\/div>\n                <div data-colibri-id=\"382-c7\" class=\"h-text h-text-component style-535 style-local-382-c7 position-relative h-element\">\n                  <!---->\n                  <!---->\n                  <div class=\"\">\n                    <p>Programas que garantem ao segurado a indeniza\u00e7\u00e3o pelas perdas decorrentes do n\u00e3o cumprimento de obriga\u00e7\u00f5es, assumidas por um terceiro contratante:<\/p>\n                    <p>\u2022Garantia de Execu\u00e7\u00e3o (Performance Bond): Constru\u00e7\u00e3o Civil, Obras P\u00fablicas, Ind\u00fastria Naval, Fornecimento de Minerais, Jazidas.<\/p>\n                    <p>\u2022Garantia de Perfeito Funcionamento: especialmente para M\u00e1quinas e Instala\u00e7\u00f5es \u00ac em Excesso \u00e0 Garantia do Fabricante.<\/p>\n                    <p>\u2022Garantia Judicial (Cau\u00e7\u00f5es Judiciais): a depender do ju\u00edzo.<\/p>\n                    <p>\u2022Garantias Financeiras: Cr\u00e9dito Interno e Exporta\u00e7\u00f5es, Fian\u00e7a Locat\u00edcia para Pessoa Jur\u00eddica Nacional ou Estrangeiro.<\/p>\n                    <p>\u2022Garantia de Concorr\u00eancia: Licita\u00e7\u00f5es.<\/p>\n                  <\/div>\n                <\/div>\n              <\/div>\n            <\/div>\n          <\/div>\n          <div class=\"h-column h-column-container d-flex h-col-lg-auto h-col-md-auto h-col-auto style-536-outer style-local-382-c8-outer\">\n            <div data-colibri-id=\"382-c8\" class=\"d-flex h-flex-basis h-column__inner h-ui-empty-state-container h-px-lg-2 h-px-md-2 h-px-2 v-inner-lg-2 v-inner-md-2 v-inner-2 style-536 style-local-382-c8 position-relative\">\n              <!---->\n              <!---->\n              <div class=\"w-100 h-y-container h-column__content h-column__v-align flex-basis-100\">\n                <!---->\n              <\/div>\n            <\/div>\n          <\/div>\n        <\/div>\n      <\/div>\n    <\/div>\n  <\/div>\n<\/div>","protected":false},"excerpt":{"rendered":"<p>Fa\u00e7a sua cota\u00e7\u00e3o&nbsp;seguro garantia Programas que garantem ao segurado a indeniza\u00e7\u00e3o pelas perdas decorrentes do n\u00e3o cumprimento de obriga\u00e7\u00f5es, assumidas por um terceiro contratante: \u2022Garantia de Execu\u00e7\u00e3o (Performance Bond): Constru\u00e7\u00e3o Civil, Obras P\u00fablicas, Ind\u00fastria Naval, Fornecimento de Minerais, Jazidas. \u2022Garantia de Perfeito Funcionamento: especialmente para M\u00e1quinas e Instala\u00e7\u00f5es \u00ac em Excesso \u00e0 Garantia do Fabricante. [&hellip;]<\/p>\n","protected":false},"author":1,"featured_media":0,"parent":0,"menu_order":0,"comment_status":"closed","ping_status":"closed","template":"page-templates\/full-width-page.php","meta":[],"_links":{"self":[{"href":"https:\/\/graficoseguros.com.br\/index.php\/wp-json\/wp\/v2\/pages\/382"}],"collection":[{"href":"https:\/\/graficoseguros.com.br\/index.php\/wp-json\/wp\/v2\/pages"}],"about":[{"href":"https:\/\/graficoseguros.com.br\/index.php\/wp-json\/wp\/v2\/types\/page"}],"author":[{"embeddable":true,"href":"https:\/\/graficoseguros.com.br\/index.php\/wp-json\/wp\/v2\/users\/1"}],"replies":[{"embeddable":true,"href":"https:\/\/graficoseguros.com.br\/index.php\/wp-json\/wp\/v2\/comments?post=382"}],"version-history":[{"count":2,"href":"https:\/\/graficoseguros.com.br\/index.php\/wp-json\/wp\/v2\/pages\/382\/revisions"}],"predecessor-version":[{"id":465,"href":"https:\/\/graficoseguros.com.br\/index.php\/wp-json\/wp\/v2\/pages\/382\/revisions\/465"}],"wp:attachment":[{"href":"https:\/\/graficoseguros.com.br\/index.php\/wp-json\/wp\/v2\/media?parent=382"}],"curies":[{"name":"wp","href":"https:\/\/api.w.org\/{rel}","templated":true}]}}