{"id":76,"date":"2020-10-14T21:01:53","date_gmt":"2020-10-15T00:01:53","guid":{"rendered":"http:\/\/graficoseguros.com.br\/?page_id=76"},"modified":"2020-10-14T23:06:23","modified_gmt":"2020-10-15T02:06:23","slug":"seguro-residencial","status":"publish","type":"page","link":"https:\/\/graficoseguros.com.br\/index.php\/seguro-residencial\/","title":{"rendered":"Seguro Residencial"},"content":{"rendered":"<div data-colibri-id=\"76-c1\" class=\"style-381 style-local-76-c1 position-relative\">\n  <!---->\n  <div data-colibri-component=\"section\" data-colibri-id=\"76-c2\" id=\"about\" class=\"h-section h-section-global-spacing d-flex align-items-lg-center align-items-md-center align-items-center style-382 style-local-76-c2 position-relative\">\n    <!---->\n    <!---->\n    <div class=\"h-section-grid-container h-section-boxed-container\">\n      <!---->\n      <div data-colibri-id=\"76-c3\" class=\"h-row-container gutters-row-lg-0 gutters-row-md-0 gutters-row-0 gutters-row-v-lg-0 gutters-row-v-md-0 gutters-row-v-0 style-383 style-local-76-c3 position-relative\">\n        <!---->\n        <div class=\"h-row justify-content-lg-center justify-content-md-center justify-content-center align-items-lg-stretch align-items-md-stretch align-items-stretch gutters-col-lg-0 gutters-col-md-0 gutters-col-0 gutters-col-v-lg-0 gutters-col-v-md-0 gutters-col-v-0\">\n          <!---->\n          <div class=\"h-column h-column-container d-flex h-col-lg-auto h-col-md-auto h-col-auto style-384-outer style-local-76-c4-outer\">\n            <div data-colibri-id=\"76-c4\" class=\"d-flex h-flex-basis h-column__inner h-px-lg-0 h-px-md-0 h-px-0 v-inner-lg-0 v-inner-md-0 v-inner-0 style-384 style-local-76-c4 position-relative\">\n              <!---->\n              <!---->\n              <div class=\"w-100 h-y-container h-column__content h-column__v-align flex-basis-100 align-self-lg-start align-self-md-start align-self-start\">\n                <!---->\n                <div data-colibri-id=\"76-c6\" class=\"h-global-transition-all h-heading style-386 style-local-76-c6 position-relative h-element\">\n                  <!---->\n                  <div class=\"h-heading__outer style-386 style-local-76-c6\">\n                    <!---->\n                    <!---->\n                    <h2 class=\"\">Conhe\u00e7a as nossas op\u00e7\u00f5es de&nbsp;<em style=\"font-family: &quot;Playfair Display&quot;;\">seguro residencial<\/em><\/h2>\n                  <\/div>\n                <\/div>\n                <div data-colibri-id=\"76-c7\" class=\"h-text h-text-component style-387 style-local-76-c7 position-relative h-element\">\n                  <!---->\n                  <!---->\n                  <div class=\"\">\n                    <p>Muito mais do que cuidar do seu patrim\u00f4nio, o Seguro Residencial tamb\u00e9m oferece tranquilidade e apoio necess\u00e1rio em caso de imprevistos no lar. Uma gama de coberturas est\u00e1 dispon\u00edvel para contrata\u00e7\u00e3o, de acordo com seu perfil e necessidade.\n                      Proteja sua casa contra inc\u00eandio, queda de raio, danos el\u00e9tricos, explos\u00e3o, roubo ou furto qualificado e conte com uma assist\u00eancia 24h com eletricista, encanador, chaveiro e muito mais.<\/p>\n                  <\/div>\n                <\/div>\n              <\/div>\n            <\/div>\n          <\/div>\n          <div class=\"h-column h-column-container d-flex h-col-lg-auto h-col-md-auto h-col-auto style-388-outer style-local-76-c8-outer\">\n            <div data-colibri-id=\"76-c8\" class=\"d-flex h-flex-basis h-column__inner h-ui-empty-state-container h-px-lg-2 h-px-md-2 h-px-2 v-inner-lg-2 v-inner-md-2 v-inner-2 style-388 style-local-76-c8 position-relative\">\n              <!---->\n              <!---->\n              <div class=\"w-100 h-y-container h-column__content h-column__v-align flex-basis-100\">\n                <!---->\n              <\/div>\n            <\/div>\n          <\/div>\n        <\/div>\n      <\/div>\n    <\/div>\n  <\/div>\n<\/div>","protected":false},"excerpt":{"rendered":"<p>Conhe\u00e7a as nossas op\u00e7\u00f5es de&nbsp;seguro residencial Muito mais do que cuidar do seu patrim\u00f4nio, o Seguro Residencial tamb\u00e9m oferece tranquilidade e apoio necess\u00e1rio em caso de imprevistos no lar. Uma gama de coberturas est\u00e1 dispon\u00edvel para contrata\u00e7\u00e3o, de acordo com seu perfil e necessidade. Proteja sua casa contra inc\u00eandio, queda de raio, danos el\u00e9tricos, explos\u00e3o, [&hellip;]<\/p>\n","protected":false},"author":1,"featured_media":0,"parent":0,"menu_order":0,"comment_status":"closed","ping_status":"closed","template":"page-templates\/full-width-page.php","meta":[],"_links":{"self":[{"href":"https:\/\/graficoseguros.com.br\/index.php\/wp-json\/wp\/v2\/pages\/76"}],"collection":[{"href":"https:\/\/graficoseguros.com.br\/index.php\/wp-json\/wp\/v2\/pages"}],"about":[{"href":"https:\/\/graficoseguros.com.br\/index.php\/wp-json\/wp\/v2\/types\/page"}],"author":[{"embeddable":true,"href":"https:\/\/graficoseguros.com.br\/index.php\/wp-json\/wp\/v2\/users\/1"}],"replies":[{"embeddable":true,"href":"https:\/\/graficoseguros.com.br\/index.php\/wp-json\/wp\/v2\/comments?post=76"}],"version-history":[{"count":3,"href":"https:\/\/graficoseguros.com.br\/index.php\/wp-json\/wp\/v2\/pages\/76\/revisions"}],"predecessor-version":[{"id":296,"href":"https:\/\/graficoseguros.com.br\/index.php\/wp-json\/wp\/v2\/pages\/76\/revisions\/296"}],"wp:attachment":[{"href":"https:\/\/graficoseguros.com.br\/index.php\/wp-json\/wp\/v2\/media?parent=76"}],"curies":[{"name":"wp","href":"https:\/\/api.w.org\/{rel}","templated":true}]}}