{"id":78,"date":"2020-10-14T21:02:47","date_gmt":"2020-10-15T00:02:47","guid":{"rendered":"http:\/\/graficoseguros.com.br\/?page_id=78"},"modified":"2020-10-14T23:26:40","modified_gmt":"2020-10-15T02:26:40","slug":"seguro-saude","status":"publish","type":"page","link":"https:\/\/graficoseguros.com.br\/index.php\/seguro-saude\/","title":{"rendered":"Seguro Sa\u00fade"},"content":{"rendered":"<div data-colibri-id=\"78-c1\" class=\"style-389 style-local-78-c1 position-relative\">\n  <!---->\n  <div data-colibri-component=\"section\" data-colibri-id=\"78-c2\" id=\"about\" class=\"h-section h-section-global-spacing d-flex align-items-lg-center align-items-md-center align-items-center style-390 style-local-78-c2 position-relative\">\n    <!---->\n    <!---->\n    <div class=\"h-section-grid-container h-section-boxed-container\">\n      <!---->\n      <div data-colibri-id=\"78-c3\" class=\"h-row-container gutters-row-lg-0 gutters-row-md-0 gutters-row-0 gutters-row-v-lg-0 gutters-row-v-md-0 gutters-row-v-0 style-391 style-local-78-c3 position-relative\">\n        <!---->\n        <div class=\"h-row justify-content-lg-center justify-content-md-center justify-content-center align-items-lg-stretch align-items-md-stretch align-items-stretch gutters-col-lg-0 gutters-col-md-0 gutters-col-0 gutters-col-v-lg-0 gutters-col-v-md-0 gutters-col-v-0\">\n          <!---->\n          <div class=\"h-column h-column-container d-flex h-col-lg-auto h-col-md-auto h-col-auto style-392-outer style-local-78-c4-outer\">\n            <div data-colibri-id=\"78-c4\" class=\"d-flex h-flex-basis h-column__inner h-px-lg-0 h-px-md-0 h-px-0 v-inner-lg-0 v-inner-md-0 v-inner-0 style-392 style-local-78-c4 position-relative\">\n              <!---->\n              <!---->\n              <div class=\"w-100 h-y-container h-column__content h-column__v-align flex-basis-100 align-self-lg-start align-self-md-start align-self-start\">\n                <!---->\n                <div data-colibri-id=\"78-c6\" class=\"h-global-transition-all h-heading style-394 style-local-78-c6 position-relative h-element\">\n                  <!---->\n                  <div class=\"h-heading__outer style-394 style-local-78-c6\">\n                    <!---->\n                    <!---->\n                    <h2 class=\"\">Conhe\u00e7a as nossas op\u00e7\u00f5es de&nbsp;<em style=\"font-family: &quot;Playfair Display&quot;;\">seguro sa\u00fade<\/em><\/h2>\n                  <\/div>\n                <\/div>\n                <div data-colibri-id=\"78-c7\" class=\"h-text h-text-component style-395 style-local-78-c7 position-relative h-element\">\n                  <!---->\n                  <!---->\n                  <div class=\"\">\n                    <p>Na Gr\u00e1fico Corretora de Seguros voc\u00ea vai encontrar o tipo de plano que precisa, com ampla cobertura e assist\u00eancia m\u00e9dica dos melhores profissionais da sa\u00fade..<\/p>\n                  <\/div>\n                <\/div>\n              <\/div>\n            <\/div>\n          <\/div>\n          <div class=\"h-column h-column-container d-flex h-col-lg-auto h-col-md-auto h-col-auto style-396-outer style-local-78-c8-outer\">\n            <div data-colibri-id=\"78-c8\" class=\"d-flex h-flex-basis h-column__inner h-ui-empty-state-container h-px-lg-2 h-px-md-2 h-px-2 v-inner-lg-2 v-inner-md-2 v-inner-2 style-396 style-local-78-c8 position-relative\">\n              <!---->\n              <!---->\n              <div class=\"w-100 h-y-container h-column__content h-column__v-align flex-basis-100\">\n                <!---->\n              <\/div>\n            <\/div>\n          <\/div>\n        <\/div>\n      <\/div>\n    <\/div>\n  <\/div>\n  <div data-colibri-component=\"section\" data-colibri-id=\"78-c9\" id=\"custom\" class=\"h-section h-section-global-spacing d-flex align-items-lg-center align-items-md-center align-items-center style-397 style-local-78-c9 position-relative\">\n    <!---->\n    <!---->\n    <div class=\"h-section-grid-container h-section-boxed-container\">\n      <!---->\n      <div data-colibri-id=\"78-c10\" class=\"h-row-container gutters-row-lg-2 gutters-row-md-2 gutters-row-0 gutters-row-v-lg-2 gutters-row-v-md-2 gutters-row-v-2 style-398 style-local-78-c10 position-relative\">\n        <!---->\n        <div class=\"h-row justify-content-lg-center justify-content-md-center justify-content-center align-items-lg-stretch align-items-md-stretch align-items-stretch gutters-col-lg-2 gutters-col-md-2 gutters-col-0 gutters-col-v-lg-2 gutters-col-v-md-2 gutters-col-v-2\">\n          <!---->\n          <div class=\"h-column h-column-container d-flex h-col-lg-auto h-col-md-auto h-col-auto style-399-outer style-local-78-c11-outer\">\n            <div data-colibri-id=\"78-c11\" class=\"d-flex h-flex-basis h-column__inner h-px-lg-2 h-px-md-2 h-px-2 v-inner-lg-2 v-inner-md-2 v-inner-2 style-399 style-local-78-c11 position-relative\">\n              <!---->\n              <!---->\n              <div class=\"w-100 h-y-container h-column__content h-column__v-align flex-basis-100 align-self-lg-start align-self-md-start align-self-start\">\n                <!---->\n                <div data-colibri-id=\"78-c16\" class=\"h-row-container gutters-row-lg-2 gutters-row-md-2 gutters-row-0 gutters-row-v-lg-2 gutters-row-v-md-2 gutters-row-v-2 style-404 style-local-78-c16 position-relative\">\n                  <!---->\n                  <div class=\"h-row justify-content-lg-center justify-content-md-center justify-content-center align-items-lg-stretch align-items-md-stretch align-items-stretch gutters-col-lg-2 gutters-col-md-2 gutters-col-0 gutters-col-v-lg-2 gutters-col-v-md-2 gutters-col-v-2\">\n                    <!---->\n                    <div class=\"h-column h-column-container d-flex h-col-lg-auto h-col-md-auto h-col-auto style-405-outer style-local-78-c17-outer\">\n                      <div data-colibri-id=\"78-c17\" class=\"d-flex h-flex-basis h-column__inner h-px-lg-2 h-px-md-2 h-px-2 v-inner-lg-2 v-inner-md-2 v-inner-2 style-405 style-local-78-c17 position-relative\">\n                        <!---->\n                        <!---->\n                        <div class=\"w-100 h-y-container h-column__content h-column__v-align flex-basis-100 align-self-lg-start align-self-md-start align-self-start\">\n                          <!---->\n                          <div data-colibri-id=\"78-c19\" class=\"h-text h-text-component style-407 style-local-78-c19 position-relative h-element\">\n                            <!---->\n                            <!---->\n                            <div class=\"\">\n                              <p>Planos Sa\u00fade &#8211; Individuais ou Familiar\n                                <br>Completa rede m\u00e9dico-hospitalar para atender voc\u00ea e sua fam\u00edlia. Coberturas:<\/p>\n                              <p>\u2022Atendimento de Urg\u00eancia e Emerg\u00eancia;\n                                <br>\u2022Consultas e Fisioterapia;\n                                <br>\u2022Exames de Diagn\u00f3stico;\n                                <br>\u2022Cirurgias Eletivas e Interna\u00e7\u00f5es;\n                                <br>\u2022Atendimento de UTI;\n                                <br>\u2022Procedimentos Obst\u00e9tricos;\n                                <br>\u2022Sess\u00f5es de Psicologia e Fonoaudiologia;\n                                <br>\u2022Quimioterapia;\n                                <br>\u2022Radioterapia e Exames de Alto Custo.<\/p>\n                            <\/div>\n                          <\/div>\n                        <\/div>\n                      <\/div>\n                    <\/div>\n                    <div class=\"h-column h-column-container d-flex h-col-lg-auto h-col-md-auto h-col-auto style-406-outer style-local-78-c18-outer\">\n                      <div data-colibri-id=\"78-c18\" class=\"d-flex h-flex-basis h-column__inner h-px-lg-2 h-px-md-2 h-px-2 v-inner-lg-2 v-inner-md-2 v-inner-2 style-406 style-local-78-c18 position-relative\">\n                        <!---->\n                        <!---->\n                        <div class=\"w-100 h-y-container h-column__content h-column__v-align flex-basis-100 align-self-lg-start align-self-md-start align-self-start\">\n                          <!---->\n                          <div data-colibri-id=\"78-c20\" class=\"h-text h-text-component style-408 style-local-78-c20 position-relative h-element\">\n                            <!---->\n                            <!---->\n                            <div class=\"\">\n                              <p>Planos Sa\u00fade &#8211; Empresariais\n                                <br>A Gr\u00e1fico Corretora Seguros oferece as melhores op\u00e7\u00f5es de planos de sa\u00fade Empresariais.\n                                <br>Preocupando-se com a sa\u00fade de seus funcion\u00e1rios favorecendo o aumento da produtividade e o progresso de seus neg\u00f3cios.\n                                <br>Os planos com a melhor rela\u00e7\u00e3o custo X benef\u00edcio e v\u00e1rias op\u00e7\u00f5es de escolha que v\u00e3o suprir as necessidades de pequenas, medias e grandes Empresas.<\/p>\n                              <p>Completa rede m\u00e9dico-hospitalar para atender voc\u00ea e sua fam\u00edlia.<\/p>\n                              <p>Coberturas:<\/p>\n                              <p>\u2022Atendimento de Urg\u00eancia e Emerg\u00eancia;\n                                <br>\u2022Consultas e Fisioterapia;\n                                <br>\u2022Exames de Diagn\u00f3stico;\n                                <br>\u2022Cirurgias Eletivas e Interna\u00e7\u00f5es;\n                                <br>\u2022Atendimento de UTI;\n                                <br>\u2022Procedimentos Obst\u00e9tricos;\n                                <br>\u2022Sess\u00f5es de Psicologia e Fonoaudiologia;\n                                <br>\u2022Quimioterapia;\n                                <br>\u2022Radioterapia e Exames de Alto Custo.<\/p>\n                              <p>Fa\u00e7a sua Cota\u00e7\u00e3o de Seguros Sa\u00fade<\/p>\n                            <\/div>\n                          <\/div>\n                        <\/div>\n                      <\/div>\n                    <\/div>\n                  <\/div>\n                <\/div>\n              <\/div>\n            <\/div>\n          <\/div>\n        <\/div>\n      <\/div>\n    <\/div>\n  <\/div>\n  <div data-colibri-component=\"section\" data-colibri-id=\"78-c21\" id=\"custom-2\" class=\"h-section h-section-global-spacing d-flex align-items-lg-center align-items-md-center align-items-center style-409 style-local-78-c21 position-relative\">\n    <!---->\n    <!---->\n    <div class=\"h-section-grid-container h-section-boxed-container\">\n      <!---->\n      <div data-colibri-id=\"78-c22\" class=\"h-row-container gutters-row-lg-2 gutters-row-md-2 gutters-row-0 gutters-row-v-lg-2 gutters-row-v-md-2 gutters-row-v-2 style-410 style-local-78-c22 position-relative\">\n        <!---->\n        <div class=\"h-row justify-content-lg-center justify-content-md-center justify-content-center align-items-lg-stretch align-items-md-stretch align-items-stretch gutters-col-lg-2 gutters-col-md-2 gutters-col-0 gutters-col-v-lg-2 gutters-col-v-md-2 gutters-col-v-2\">\n          <!---->\n          <div class=\"h-column h-column-container d-flex h-col-lg-auto h-col-md-auto h-col-auto style-411-outer style-local-78-c23-outer\">\n            <div data-colibri-id=\"78-c23\" class=\"d-flex h-flex-basis h-column__inner h-px-lg-2 h-px-md-2 h-px-2 v-inner-lg-2 v-inner-md-2 v-inner-2 style-411 style-local-78-c23 position-relative\">\n              <!---->\n              <!---->\n              <div class=\"w-100 h-y-container h-column__content h-column__v-align flex-basis-100 align-self-lg-start align-self-md-start align-self-start\">\n                <!---->\n                <div data-colibri-id=\"78-c24\" class=\"d-block style-412 style-local-78-c24 position-relative h-element\">\n                  <!---->\n                  <div class=\"h-image__frame-container-outer\">\n                    <div class=\"h-image__frame-container\">\n                      <!---->\n                      <!---->\n                      <img loading=\"lazy\" width=\"1029\" height=\"360\" src=\"http:\/\/graficoseguros.com.br\/wp-content\/uploads\/2020\/10\/cropped-seguro-saude-logos-1.png\" class=\"wp-image-304 style-412-image style-local-78-c24-image\" srcset=\"https:\/\/graficoseguros.com.br\/wp-content\/uploads\/2020\/10\/cropped-seguro-saude-logos-1.png 1029w, https:\/\/graficoseguros.com.br\/wp-content\/uploads\/2020\/10\/cropped-seguro-saude-logos-1-300x105.png 300w, https:\/\/graficoseguros.com.br\/wp-content\/uploads\/2020\/10\/cropped-seguro-saude-logos-1-1024x358.png 1024w, https:\/\/graficoseguros.com.br\/wp-content\/uploads\/2020\/10\/cropped-seguro-saude-logos-1-768x269.png 768w\" sizes=\"(max-width: 1029px) 100vw, 1029px\" alt=\"\" \/>\n                      <div class=\"h-image__frame h-hide-lg h-hide-md h-hide-sm style-412-frameImage style-local-78-c24-frameImage\"><\/div>\n                    <\/div>\n                  <\/div>\n                <\/div>\n              <\/div>\n            <\/div>\n          <\/div>\n        <\/div>\n      <\/div>\n    <\/div>\n  <\/div>\n<\/div>","protected":false},"excerpt":{"rendered":"<p>Conhe\u00e7a as nossas op\u00e7\u00f5es de&nbsp;seguro sa\u00fade Na Gr\u00e1fico Corretora de Seguros voc\u00ea vai encontrar o tipo de plano que precisa, com ampla cobertura e assist\u00eancia m\u00e9dica dos melhores profissionais da sa\u00fade.. Planos Sa\u00fade &#8211; Individuais ou Familiar Completa rede m\u00e9dico-hospitalar para atender voc\u00ea e sua fam\u00edlia. Coberturas: \u2022Atendimento de Urg\u00eancia e Emerg\u00eancia; \u2022Consultas e Fisioterapia; [&hellip;]<\/p>\n","protected":false},"author":1,"featured_media":0,"parent":0,"menu_order":0,"comment_status":"closed","ping_status":"closed","template":"page-templates\/full-width-page.php","meta":[],"_links":{"self":[{"href":"https:\/\/graficoseguros.com.br\/index.php\/wp-json\/wp\/v2\/pages\/78"}],"collection":[{"href":"https:\/\/graficoseguros.com.br\/index.php\/wp-json\/wp\/v2\/pages"}],"about":[{"href":"https:\/\/graficoseguros.com.br\/index.php\/wp-json\/wp\/v2\/types\/page"}],"author":[{"embeddable":true,"href":"https:\/\/graficoseguros.com.br\/index.php\/wp-json\/wp\/v2\/users\/1"}],"replies":[{"embeddable":true,"href":"https:\/\/graficoseguros.com.br\/index.php\/wp-json\/wp\/v2\/comments?post=78"}],"version-history":[{"count":6,"href":"https:\/\/graficoseguros.com.br\/index.php\/wp-json\/wp\/v2\/pages\/78\/revisions"}],"predecessor-version":[{"id":338,"href":"https:\/\/graficoseguros.com.br\/index.php\/wp-json\/wp\/v2\/pages\/78\/revisions\/338"}],"wp:attachment":[{"href":"https:\/\/graficoseguros.com.br\/index.php\/wp-json\/wp\/v2\/media?parent=78"}],"curies":[{"name":"wp","href":"https:\/\/api.w.org\/{rel}","templated":true}]}}