{"id":8,"date":"2020-10-14T20:33:02","date_gmt":"2020-10-14T23:33:02","guid":{"rendered":"http:\/\/graficoseguros.com.br\/?page_id=8"},"modified":"2021-02-08T20:05:29","modified_gmt":"2021-02-08T23:05:29","slug":"sobre","status":"publish","type":"page","link":"https:\/\/graficoseguros.com.br\/index.php\/sobre\/","title":{"rendered":"Sobre"},"content":{"rendered":"<div data-colibri-id=\"8-c1\" class=\"style-413 style-local-8-c1 position-relative\">\n  <!---->\n  <div data-colibri-component=\"section\" data-colibri-id=\"8-c2\" id=\"overlappable\" class=\"h-section h-section-global-spacing d-flex align-items-lg-center align-items-md-center align-items-center style-428 style-local-8-c2 position-relative\">\n    <!---->\n    <!---->\n    <div class=\"h-section-grid-container h-section-boxed-container\">\n      <!---->\n      <div data-colibri-id=\"8-c3\" class=\"h-row-container gutters-row-lg-2 gutters-row-md-0 gutters-row-2 gutters-row-v-lg-2 gutters-row-v-md-0 gutters-row-v-2 style-429 style-local-8-c3 position-relative\">\n        <!---->\n        <div class=\"h-row justify-content-lg-center justify-content-md-center justify-content-center align-items-lg-stretch align-items-md-stretch align-items-stretch gutters-col-lg-2 gutters-col-md-0 gutters-col-2 gutters-col-v-lg-2 gutters-col-v-md-0 gutters-col-v-2\">\n          <!---->\n          <div class=\"h-column h-column-container d-flex h-col-lg-4 h-col-md-4 h-col-12 style-430-outer style-local-8-c4-outer\">\n            <div data-colibri-id=\"8-c4\" class=\"d-flex h-flex-basis h-column__inner h-px-lg-2 h-px-md-3 h-px-2 v-inner-lg-0 v-inner-md-3 v-inner-2 style-430 style-local-8-c4 position-relative\">\n              <!---->\n              <!---->\n              <div class=\"w-100 h-y-container h-column__content h-column__v-align flex-basis-100 align-self-lg-start align-self-md-start align-self-start\">\n                <!---->\n                <div data-colibri-id=\"8-c5\" class=\"h-icon style-431 style-local-8-c5 position-relative h-element\">\n                  <!----><span class=\"h-svg-icon h-icon__icon style-431-icon style-local-8-c5-icon\"><!--Icon by Font Awesome (https:\/\/fontawesome.com)--><svg version=\"1.1\" xmlns=\"http:\/\/www.w3.org\/2000\/svg\" xmlns:xlink=\"http:\/\/www.w3.org\/1999\/xlink\" id=\"crosshairs\" viewBox=\"0 0 1536 1896.0833\"><path d=\"M1197 1024h-109q-26 0-45-19t-19-45V832q0-26 19-45t45-19h109q-32-108-112.5-188.5T896 467v109q0 26-19 45t-45 19H704q-26 0-45-19t-19-45V467q-108 32-188.5 112.5T339 768h109q26 0 45 19t19 45v128q0 26-19 45t-45 19H339q32 108 112.5 188.5T640 1325v-109q0-26 19-45t45-19h128q26 0 45 19t19 45v109q108-32 188.5-112.5T1197 1024zm339-192v128q0 26-19 45t-45 19h-143q-37 161-154.5 278.5T896 1457v143q0 26-19 45t-45 19H704q-26 0-45-19t-19-45v-143q-161-37-278.5-154.5T207 1024H64q-26 0-45-19T0 960V832q0-26 19-45t45-19h143q37-161 154.5-278.5T640 335V192q0-26 19-45t45-19h128q26 0 45 19t19 45v143q161 37 278.5 154.5T1329 768h143q26 0 45 19t19 45z\"><\/path><\/svg><\/span><\/div>\n                <div\n                  data-colibri-id=\"8-c6\" class=\"h-global-transition-all h-heading style-432 style-local-8-c6 position-relative h-element\">\n                  <!---->\n                  <div class=\"h-heading__outer style-432 style-local-8-c6\">\n                    <!---->\n                    <!---->\n                    <h5 class=\"\">MISS\u00c3O<\/h5>\n                  <\/div>\n              <\/div>\n              <div data-colibri-id=\"8-c7\" class=\"h-text h-text-component style-433 style-local-8-c7 position-relative h-element\">\n                <!---->\n                <!---->\n                <div class=\"\">\n                  <p>Oferecer aos clientes uma efetiva consultoria em Seguros, utilizando pr\u00e1ticas e solu\u00e7\u00f5es inovadoras que atendam \u00e0s necessidades espec\u00edficas, solucionando problemas e minimizando riscos, com um atendimento personalizado e diferenciado.<\/p>\n                <\/div>\n              <\/div>\n            <\/div>\n          <\/div>\n        <\/div>\n        <div class=\"h-column h-column-container d-flex h-col-lg-4 h-col-md-4 h-col-12 style-430-outer style-local-8-c8-outer\">\n          <div data-colibri-id=\"8-c8\" class=\"d-flex h-flex-basis h-column__inner h-px-lg-2 h-px-md-3 h-px-2 v-inner-lg-0 v-inner-md-3 v-inner-2 style-430 style-local-8-c8 position-relative\">\n            <!---->\n            <!---->\n            <div class=\"w-100 h-y-container h-column__content h-column__v-align flex-basis-100 align-self-lg-start align-self-md-start align-self-start\">\n              <!---->\n              <div data-colibri-id=\"8-c9\" class=\"h-icon style-431 style-local-8-c9 position-relative h-element\">\n                <!----><span class=\"h-svg-icon h-icon__icon style-431-icon style-local-8-c9-icon\"><!--Icon by Font Awesome (https:\/\/fontawesome.com)--><svg version=\"1.1\" xmlns=\"http:\/\/www.w3.org\/2000\/svg\" xmlns:xlink=\"http:\/\/www.w3.org\/1999\/xlink\" id=\"eye\" viewBox=\"0 0 1792 1896.0833\"><path d=\"M1664 960q-152-236-381-353 61 104 61 225 0 185-131.5 316.5T896 1280t-316.5-131.5T448 832q0-121 61-225-229 117-381 353 133 205 333.5 326.5T896 1408t434.5-121.5T1664 960zM944 576q0-20-14-34t-34-14q-125 0-214.5 89.5T592 832q0 20 14 34t34 14 34-14 14-34q0-86 61-147t147-61q20 0 34-14t14-34zm848 384q0 34-20 69-140 230-376.5 368.5T896 1536t-499.5-139T20 1029Q0 994 0 960t20-69q140-229 376.5-368T896 384t499.5 139T1772 891q20 35 20 69z\"><\/path><\/svg><\/span><\/div>\n              <div\n                data-colibri-id=\"8-c10\" class=\"h-global-transition-all h-heading style-432 style-local-8-c10 position-relative h-element\">\n                <!---->\n                <div class=\"h-heading__outer style-432 style-local-8-c10\">\n                  <!---->\n                  <!---->\n                  <h5 class=\"\">VIS\u00c3O<\/h5>\n                <\/div>\n            <\/div>\n            <div data-colibri-id=\"8-c11\" class=\"h-text h-text-component style-433 style-local-8-c11 position-relative h-element\">\n              <!---->\n              <!---->\n              <div class=\"\">\n                <p>Praticar a melhoria cont\u00ednua dos servi\u00e7os prestados, fornecendo sempre as melhores solu\u00e7\u00f5es..<\/p>\n              <\/div>\n            <\/div>\n          <\/div>\n        <\/div>\n      <\/div>\n      <div class=\"h-column h-column-container d-flex h-col-lg-4 h-col-md-4 h-col-12 style-430-outer style-local-8-c12-outer\">\n        <div data-colibri-id=\"8-c12\" class=\"d-flex h-flex-basis h-column__inner h-px-lg-2 h-px-md-3 h-px-2 v-inner-lg-0 v-inner-md-3 v-inner-2 style-430 style-local-8-c12 position-relative\">\n          <!---->\n          <!---->\n          <div class=\"w-100 h-y-container h-column__content h-column__v-align flex-basis-100 align-self-lg-start align-self-md-start align-self-start\">\n            <!---->\n            <div data-colibri-id=\"8-c13\" class=\"h-icon style-431 style-local-8-c13 position-relative h-element\">\n              <!----><span class=\"h-svg-icon h-icon__icon style-431-icon style-local-8-c13-icon\"><!--Icon by Font Awesome (https:\/\/fontawesome.com)--><svg version=\"1.1\" xmlns=\"http:\/\/www.w3.org\/2000\/svg\" xmlns:xlink=\"http:\/\/www.w3.org\/1999\/xlink\" id=\"star\" viewBox=\"0 0 1664 1896.0833\"><path d=\"M1664 647q0 22-26 48l-363 354 86 500q1 7 1 20 0 21-10.5 35.5T1321 1619q-19 0-40-12l-449-236-449 236q-22 12-40 12-21 0-31.5-14.5T301 1569q0-6 2-20l86-500L25 695Q0 668 0 647q0-37 56-46l502-73L783 73q19-41 49-41t49 41l225 455 502 73q56 9 56 46z\"><\/path><\/svg><\/span><\/div>\n            <div\n              data-colibri-id=\"8-c14\" class=\"h-global-transition-all h-heading style-432 style-local-8-c14 position-relative h-element\">\n              <!---->\n              <div class=\"h-heading__outer style-432 style-local-8-c14\">\n                <!---->\n                <!---->\n                <h5 class=\"\">VALORES<\/h5>\n              <\/div>\n          <\/div>\n          <div data-colibri-id=\"8-c15\" class=\"h-text h-text-component style-433 style-local-8-c15 position-relative h-element\">\n            <!---->\n            <!---->\n            <div class=\"\">\n              <p><span style=\"color: rgb(70, 112, 127); font-family: &quot;Open Sans&quot;; font-size: 16px; font-weight: 400;\">-Comprometimento&nbsp;<\/span>\n                <br>-Transpar\u00eancia\n                <br><span style=\"font-weight: 400; font-size: 16px; font-family: &quot;Open Sans&quot;; color: rgb(70, 112, 127);\">-Pontualidade<\/span>\n                <br><span style=\"font-weight: 400; font-size: 16px; font-family: &quot;Open Sans&quot;; color: rgb(70, 112, 127);\">-Organiza\u00e7\u00e3o<\/span>\n                <br>-Coopera\u00e7\u00e3o\n                <br>-Justi\u00e7a\n                <br>-\u00c9tica\n                <br>&nbsp;<\/p>\n            <\/div>\n          <\/div>\n        <\/div>\n      <\/div>\n    <\/div>\n  <\/div>\n<\/div>\n<\/div>\n<\/div>\n<div data-colibri-component=\"section\" data-colibri-id=\"8-c16\" id=\"about\" class=\"h-section h-section-global-spacing d-flex align-items-lg-center align-items-md-center align-items-center style-418 style-local-8-c16 position-relative\">\n  <!---->\n  <!---->\n  <div class=\"h-section-grid-container h-section-boxed-container\">\n    <!---->\n    <div data-colibri-id=\"8-c17\" class=\"h-row-container gutters-row-lg-2 gutters-row-md-2 gutters-row-2 gutters-row-v-lg-2 gutters-row-v-md-2 gutters-row-v-2 style-419 style-local-8-c17 position-relative\">\n      <!---->\n      <div class=\"h-row justify-content-lg-center justify-content-md-center justify-content-center align-items-lg-stretch align-items-md-stretch align-items-stretch gutters-col-lg-2 gutters-col-md-2 gutters-col-2 gutters-col-v-lg-2 gutters-col-v-md-2 gutters-col-v-2\">\n        <!---->\n        <div class=\"h-column h-column-container d-flex h-col-lg-auto h-col-md-auto h-col-auto style-420-outer style-local-8-c18-outer\">\n          <div data-colibri-id=\"8-c18\" class=\"d-flex h-flex-basis h-column__inner h-px-lg-2 h-px-md-2 h-px-2 v-inner-lg-2 v-inner-md-2 v-inner-2 style-420 style-local-8-c18 position-relative\">\n            <!---->\n            <!---->\n            <div class=\"w-100 h-y-container h-column__content h-column__v-align flex-basis-100 align-self-lg-center align-self-md-center align-self-center\">\n              <!---->\n              <div data-colibri-id=\"8-c19\" class=\"h-global-transition-all h-heading style-422 style-local-8-c19 position-relative h-element\">\n                <!---->\n                <div class=\"h-heading__outer style-422 style-local-8-c19\">\n                  <!---->\n                  <!---->\n                  <h2 class=\"\">Um pouco da&nbsp;<em style=\"font-family: &quot;Playfair Display&quot;; color: rgb(3, 169, 244);\">Gr\u00e1fico Seguros<\/em><\/h2>\n                <\/div>\n              <\/div>\n              <div data-colibri-id=\"8-c20\" class=\"h-lead h-text h-text-component style-423 style-local-8-c20 position-relative h-element\">\n                <!---->\n                <!---->\n                <div class=\"\">\n                  <p>Fundada em 1999, a Gr\u00e1fico Corretora de Seguros \u00e9 hoje uma das mais tradicionais,\n                    <br>com sede na Avenida Ipiranga, 978 &#8211; Sala 1400 &#8211; S\u00e3o Paulo.<\/p>\n                  <p>Conta com uma equipe de colaboradores prontos para atender a sua necessidade e mant\u00e9m parceria com as principais seguradoras e prestadoras de servi\u00e7os do Brasil.<\/p>\n                  <p>A Gr\u00e1fico Corretora de Seguros atua com credibilidade e refer\u00eancia de mercado em todos os ramos de seguros, oferecendo as melhores op\u00e7\u00f5es, com condi\u00e7\u00f5es especiais nas maiores seguradoras do pa\u00eds..<\/p>\n                <\/div>\n              <\/div>\n            <\/div>\n          <\/div>\n        <\/div>\n        <div class=\"h-column h-column-container d-flex h-col-lg-auto h-col-md-auto h-col-auto style-426-outer style-local-8-c21-outer\">\n          <div data-colibri-id=\"8-c21\" class=\"d-flex h-flex-basis h-column__inner h-px-lg-2 h-px-md-2 h-px-2 v-inner-lg-2 v-inner-md-2 v-inner-2 style-426 style-local-8-c21 position-relative\">\n            <!---->\n            <!---->\n            <div class=\"w-100 h-y-container h-column__content h-column__v-align flex-basis-100 align-self-lg-center align-self-md-center align-self-center\">\n              <!---->\n              <div data-colibri-id=\"8-c22\" class=\"d-block style-427 style-local-8-c22 position-relative h-element\">\n                <!---->\n                <div class=\"h-image__frame-container-outer\">\n                  <div class=\"h-image__frame-container\">\n                    <!---->\n                    <!---->\n                    <img loading=\"lazy\" width=\"1001\" height=\"1000\" src=\"https:\/\/graficoseguros.com.br\/wp-content\/uploads\/2020\/10\/cropped-cropped-cropped-seguro-auto-barato.jpg\" class=\"wp-image-600 style-427-image style-local-8-c22-image\" srcset=\"https:\/\/graficoseguros.com.br\/wp-content\/uploads\/2020\/10\/cropped-cropped-cropped-seguro-auto-barato.jpg 1001w, https:\/\/graficoseguros.com.br\/wp-content\/uploads\/2020\/10\/cropped-cropped-cropped-seguro-auto-barato-300x300.jpg 300w, https:\/\/graficoseguros.com.br\/wp-content\/uploads\/2020\/10\/cropped-cropped-cropped-seguro-auto-barato-150x150.jpg 150w, https:\/\/graficoseguros.com.br\/wp-content\/uploads\/2020\/10\/cropped-cropped-cropped-seguro-auto-barato-768x767.jpg 768w\" sizes=\"(max-width: 1001px) 100vw, 1001px\" alt=\"\" \/>\n                    <div class=\"h-image__frame h-hide-sm style-427-frameImage style-local-8-c22-frameImage\"><\/div>\n                  <\/div>\n                <\/div>\n              <\/div>\n            <\/div>\n          <\/div>\n        <\/div>\n      <\/div>\n    <\/div>\n  <\/div>\n<\/div>\n<\/div>","protected":false},"excerpt":{"rendered":"<p>MISS\u00c3O Oferecer aos clientes uma efetiva consultoria em Seguros, utilizando pr\u00e1ticas e solu\u00e7\u00f5es inovadoras que atendam \u00e0s necessidades espec\u00edficas, solucionando problemas e minimizando riscos, com um atendimento personalizado e diferenciado. VIS\u00c3O Praticar a melhoria cont\u00ednua dos servi\u00e7os prestados, fornecendo sempre as melhores solu\u00e7\u00f5es.. VALORES -Comprometimento&nbsp; -Transpar\u00eancia -Pontualidade -Organiza\u00e7\u00e3o -Coopera\u00e7\u00e3o -Justi\u00e7a -\u00c9tica &nbsp; Um pouco da&nbsp;Gr\u00e1fico [&hellip;]<\/p>\n","protected":false},"author":1,"featured_media":0,"parent":0,"menu_order":0,"comment_status":"closed","ping_status":"closed","template":"page-templates\/full-width-page.php","meta":[],"_links":{"self":[{"href":"https:\/\/graficoseguros.com.br\/index.php\/wp-json\/wp\/v2\/pages\/8"}],"collection":[{"href":"https:\/\/graficoseguros.com.br\/index.php\/wp-json\/wp\/v2\/pages"}],"about":[{"href":"https:\/\/graficoseguros.com.br\/index.php\/wp-json\/wp\/v2\/types\/page"}],"author":[{"embeddable":true,"href":"https:\/\/graficoseguros.com.br\/index.php\/wp-json\/wp\/v2\/users\/1"}],"replies":[{"embeddable":true,"href":"https:\/\/graficoseguros.com.br\/index.php\/wp-json\/wp\/v2\/comments?post=8"}],"version-history":[{"count":7,"href":"https:\/\/graficoseguros.com.br\/index.php\/wp-json\/wp\/v2\/pages\/8\/revisions"}],"predecessor-version":[{"id":661,"href":"https:\/\/graficoseguros.com.br\/index.php\/wp-json\/wp\/v2\/pages\/8\/revisions\/661"}],"wp:attachment":[{"href":"https:\/\/graficoseguros.com.br\/index.php\/wp-json\/wp\/v2\/media?parent=8"}],"curies":[{"name":"wp","href":"https:\/\/api.w.org\/{rel}","templated":true}]}}